{"id":366,"date":"2026-01-28T13:16:53","date_gmt":"2026-01-28T13:16:53","guid":{"rendered":"https:\/\/patriciaberenguer.com\/?page_id=366"},"modified":"2026-01-28T13:17:43","modified_gmt":"2026-01-28T13:17:43","slug":"politica-de-cookies","status":"publish","type":"page","link":"https:\/\/patriciaberenguer.com\/en\/politica-de-cookies\/","title":{"rendered":"POL\u00cdTICA DE COOKIES"},"content":{"rendered":"[et_pb_section fb_built=\u00bb1&#8243; admin_label=\u00bbsection\u00bb _builder_version=\u00bb4.27.5&#8243; background_color=\u00bb#F7F2EF\u00bb global_colors_info=\u00bb{}\u00bb theme_builder_area=\u00bbpost_content\u00bb][et_pb_row admin_label=\u00bbrow\u00bb _builder_version=\u00bb4.27.5&#8243; background_enable_color=\u00bboff\u00bb background_size=\u00bbinitial\u00bb background_position=\u00bbtop_left\u00bb background_repeat=\u00bbrepeat\u00bb width=\u00bb85%\u00bb custom_margin=\u00bb150px||||false|false\u00bb custom_margin_tablet=\u00bb150px||||false|false\u00bb custom_margin_phone=\u00bb160px||||false|false\u00bb custom_margin_last_edited=\u00bbon|desktop\u00bb custom_padding=\u00bb0px|||||\u00bb global_colors_info=\u00bb{}\u00bb theme_builder_area=\u00bbpost_content\u00bb][et_pb_column type=\u00bb4_4&#8243; _builder_version=\u00bb4.16&#8243; custom_padding=\u00bb|||\u00bb global_colors_info=\u00bb{}\u00bb custom_padding__hover=\u00bb|||\u00bb theme_builder_area=\u00bbpost_content\u00bb][et_pb_text admin_label=\u00bbText\u00bb _builder_version=\u00bb4.27.5&#8243; background_size=\u00bbinitial\u00bb background_position=\u00bbtop_left\u00bb background_repeat=\u00bbrepeat\u00bb global_colors_info=\u00bb{}\u00bb theme_builder_area=\u00bbpost_content\u00bb]<p><\/p>\n<ol>\n<li><b> \u00bfQu\u00e9 son las cookies?<\/b><\/li>\n<\/ol>\n<p><span style=\"font-weight: 400;\">Las cookies son peque\u00f1os archivos de texto que se almacenan en el dispositivo del usuario al acceder a determinadas p\u00e1ginas web. Su finalidad es facilitar la navegaci\u00f3n, recordar preferencias y obtener informaci\u00f3n estad\u00edstica sobre el uso del sitio web.<\/span><\/p>\n<ol start=\"2\">\n<li><b> Tipos de cookies utilizadas en este sitio web<\/b><\/li>\n<\/ol>\n<p><span style=\"font-weight: 400;\">El sitio web <\/span><a href=\"about:blank\"><b>https:\/\/patriciaberenguer.com\/<\/b><\/a><span style=\"font-weight: 400;\"> utiliza los siguientes tipos de cookies:<\/span><\/p>\n<ol>\n<li><b>a) Cookies t\u00e9cnicas (necesarias)<\/b><\/li>\n<\/ol>\n<p><span style=\"font-weight: 400;\">Son aquellas imprescindibles para el correcto funcionamiento del sitio web y no requieren el consentimiento del usuario, ya que permiten la navegaci\u00f3n y el uso de las diferentes opciones o servicios.<\/span><\/p>\n<ol>\n<li><b>b) Cookies anal\u00edticas<\/b><\/li>\n<\/ol>\n<p><span style=\"font-weight: 400;\">Permiten analizar el comportamiento de los usuarios en el sitio web con el fin de mejorar los servicios ofrecidos.<\/span><span style=\"font-weight: 400;\"><br \/><\/span><span style=\"font-weight: 400;\">Estas cookies <\/span><b>solo se instalan si el usuario presta su consentimiento expreso<\/b><span style=\"font-weight: 400;\">.<\/span><\/p>\n<p><span style=\"font-weight: 400;\">Actualmente, este sitio web utiliza:<\/span><\/p>\n<ul>\n<li style=\"font-weight: 400;\" aria-level=\"1\"><b>Google Analytics<\/b><span style=\"font-weight: 400;\">, un servicio anal\u00edtico prestado por <\/span><b>Google Ireland Limited<\/b><span style=\"font-weight: 400;\">.<\/span><\/li>\n<\/ul>\n<ol start=\"3\">\n<li><b> Cookies utilizadas<\/b><\/li>\n<\/ol>\n<p><span style=\"font-weight: 400;\">A continuaci\u00f3n se detallan las cookies que pueden utilizarse en este sitio web:<\/span><\/p>\n<table>\n<tbody>\n<tr>\n<td>\n<p><b>Cookie<\/b><\/p>\n<\/td>\n<td>\n<p><b>Tipo<\/b><\/p>\n<\/td>\n<td>\n<p><b>Duraci\u00f3n<\/b><\/p>\n<\/td>\n<td>\n<p><b>Finalidad<\/b><\/p>\n<\/td>\n<\/tr>\n<tr>\n<td>\n<p><span style=\"font-weight: 400;\">_ga<\/span><\/p>\n<\/td>\n<td>\n<p><span style=\"font-weight: 400;\">Anal\u00edtica<\/span><\/p>\n<\/td>\n<td>\n<p><span style=\"font-weight: 400;\">2 a\u00f1os<\/span><\/p>\n<\/td>\n<td>\n<p><span style=\"font-weight: 400;\">Distinguir usuarios<\/span><\/p>\n<\/td>\n<\/tr>\n<tr>\n<td>\n<p><i><span style=\"font-weight: 400;\">ga<\/span><\/i><span style=\"font-weight: 400;\">*<\/span><\/p>\n<\/td>\n<td>\n<p><span style=\"font-weight: 400;\">Anal\u00edtica<\/span><\/p>\n<\/td>\n<td>\n<p><span style=\"font-weight: 400;\">2 a\u00f1os<\/span><\/p>\n<\/td>\n<td>\n<p><span style=\"font-weight: 400;\">Analizar la navegaci\u00f3n<\/span><\/p>\n<\/td>\n<\/tr>\n<tr>\n<td>\n<p><span style=\"font-weight: 400;\">viewed_cookie_policy<\/span><\/p>\n<\/td>\n<td>\n<p><span style=\"font-weight: 400;\">T\u00e9cnica<\/span><\/p>\n<\/td>\n<td>\n<p><span style=\"font-weight: 400;\">11 meses<\/span><\/p>\n<\/td>\n<td>\n<p><span style=\"font-weight: 400;\">Guardar el consentimiento<\/span><\/p>\n<\/td>\n<\/tr>\n<tr>\n<td>\n<p><span style=\"font-weight: 400;\">cookielawinfo-checkbox-analytics<\/span><\/p>\n<\/td>\n<td>\n<p><span style=\"font-weight: 400;\">T\u00e9cnica<\/span><\/p>\n<\/td>\n<td>\n<p><span style=\"font-weight: 400;\">11 meses<\/span><\/p>\n<\/td>\n<td>\n<p><span style=\"font-weight: 400;\">Guardar preferencias<\/span><\/p>\n<\/td>\n<\/tr>\n<\/tbody>\n<\/table>\n<p><i><span style=\"font-weight: 400;\">(La duraci\u00f3n y denominaci\u00f3n de las cookies puede variar seg\u00fan actualizaciones de Google o del plugin de gesti\u00f3n de cookies)<\/span><\/i><\/p>\n<ol start=\"4\">\n<li><b> Base legal para el uso de cookies<\/b><\/li>\n<\/ol>\n<p><span style=\"font-weight: 400;\">La base legal para el uso de cookies anal\u00edticas es el <\/span><b>consentimiento del usuario<\/b><span style=\"font-weight: 400;\">, otorgado a trav\u00e9s del banner de cookies al acceder al sitio web.<\/span><\/p>\n<p><span style=\"font-weight: 400;\">Las cookies t\u00e9cnicas se utilizan sobre la base del inter\u00e9s leg\u00edtimo del titular del sitio web.<\/span><\/p>\n<ol start=\"5\">\n<li><b> Transferencias internacionales de datos<\/b><\/li>\n<\/ol>\n<p><span style=\"font-weight: 400;\">Google Analytics puede realizar transferencias internacionales de datos a Estados Unidos.<\/span><span style=\"font-weight: 400;\"><br \/><\/span><span style=\"font-weight: 400;\">Dichas transferencias se realizan amparadas en las <\/span><b>Cl\u00e1usulas Contractuales Tipo<\/b><span style=\"font-weight: 400;\"> aprobadas por la Comisi\u00f3n Europea.<\/span><\/p>\n<ol start=\"6\">\n<li><b> Gesti\u00f3n y configuraci\u00f3n de cookies<\/b><\/li>\n<\/ol>\n<p><span style=\"font-weight: 400;\">El usuario puede <\/span><b>aceptar, rechazar o configurar<\/b><span style=\"font-weight: 400;\"> el uso de cookies en cualquier momento a trav\u00e9s del panel de configuraci\u00f3n habilitado en el sitio web.<\/span><\/p>\n<p><span style=\"font-weight: 400;\">Asimismo, puede eliminar o bloquear las cookies desde la configuraci\u00f3n de su navegador:<\/span><\/p>\n<ul>\n<li style=\"font-weight: 400;\" aria-level=\"1\"><span style=\"font-weight: 400;\">Chrome: https:\/\/support.google.com\/chrome\/answer\/95647<\/span><\/li>\n<li style=\"font-weight: 400;\" aria-level=\"1\"><span style=\"font-weight: 400;\">Firefox: <\/span><a href=\"about:blank\"><span style=\"font-weight: 400;\">https:\/\/support.mozilla.org\/es\/kb\/habilitar-y-deshabilitar-cookies<\/span><\/a><\/li>\n<li style=\"font-weight: 400;\" aria-level=\"1\"><span style=\"font-weight: 400;\">Edge: <\/span><a href=\"about:blank\"><span style=\"font-weight: 400;\">https:\/\/support.microsoft.com\/es-es\/help\/4468242<\/span><\/a><\/li>\n<li style=\"font-weight: 400;\" aria-level=\"1\"><span style=\"font-weight: 400;\">Safari: <\/span><a href=\"about:blank\"><span style=\"font-weight: 400;\">https:\/\/support.apple.com\/es-es\/HT201265<\/span><\/a><\/li>\n<\/ul>\n<ol start=\"7\">\n<li><b> Actualizaci\u00f3n de la Pol\u00edtica de Cookies<\/b><\/li>\n<\/ol>\n<p><span style=\"font-weight: 400;\">La presente Pol\u00edtica de Cookies puede modificarse en funci\u00f3n de exigencias legales o cambios en las cookies utilizadas.<\/span><span style=\"font-weight: 400;\"><br \/><\/span><span style=\"font-weight: 400;\">Se recomienda al usuario revisar esta pol\u00edtica de forma peri\u00f3dica.<\/span><\/p>\n<ol start=\"8\">\n<li><b> Responsable del tratamiento<\/b><\/li>\n<\/ol>\n<p><b>Responsable:<\/b><span style=\"font-weight: 400;\"> Patricia Berenguer<\/span><span style=\"font-weight: 400;\"><br \/><\/span><b>NIF:<\/b><span style=\"font-weight: 400;\"> 74723954J<\/span><span style=\"font-weight: 400;\"><br \/><\/span><b>Direcci\u00f3n:<\/b><span style=\"font-weight: 400;\"> Calle Cervantes, n\u00ba 104 \u2013 El Ejido \u2013 Almer\u00eda<\/span><span style=\"font-weight: 400;\"><br \/><\/span><b>Correo electr\u00f3nico:<\/b><span style=\"font-weight: 400;\"> patberenguer.arq@gmail.com<\/span><\/p>\n<p><\/p>[\/et_pb_text][\/et_pb_column][\/et_pb_row][\/et_pb_section]","protected":false},"excerpt":{"rendered":"<p>\u00bfQu\u00e9 son las cookies? Las cookies son peque\u00f1os archivos de texto que se almacenan en el dispositivo del usuario al acceder a determinadas p\u00e1ginas web. Su finalidad es facilitar la navegaci\u00f3n, recordar preferencias y obtener informaci\u00f3n estad\u00edstica sobre el uso del sitio web. Tipos de cookies utilizadas en este sitio web El sitio web https:\/\/patriciaberenguer.com\/ [&hellip;]<\/p>","protected":false},"author":2,"featured_media":0,"parent":0,"menu_order":0,"comment_status":"closed","ping_status":"closed","template":"","meta":{"_et_pb_use_builder":"on","_et_pb_old_content":"","_et_gb_content_width":"","footnotes":""},"class_list":["post-366","page","type-page","status-publish","hentry"],"yoast_head":"<!-- This site is optimized with the Yoast SEO plugin v26.7 - https:\/\/yoast.com\/wordpress\/plugins\/seo\/ -->\n<title>POL\u00cdTICA DE COOKIES - Patricia Berenguer<\/title>\n<meta name=\"robots\" content=\"index, follow, max-snippet:-1, max-image-preview:large, max-video-preview:-1\" \/>\n<link rel=\"canonical\" href=\"https:\/\/patriciaberenguer.com\/en\/politica-de-cookies\/\" \/>\n<meta property=\"og:locale\" content=\"en_GB\" \/>\n<meta property=\"og:type\" content=\"article\" \/>\n<meta property=\"og:title\" content=\"POL\u00cdTICA DE COOKIES - Patricia Berenguer\" \/>\n<meta property=\"og:description\" content=\"\u00bfQu\u00e9 son las cookies? Las cookies son peque\u00f1os archivos de texto que se almacenan en el dispositivo del usuario al acceder a determinadas p\u00e1ginas web. Su finalidad es facilitar la navegaci\u00f3n, recordar preferencias y obtener informaci\u00f3n estad\u00edstica sobre el uso del sitio web. Tipos de cookies utilizadas en este sitio web El sitio web https:\/\/patriciaberenguer.com\/ [&hellip;]\" \/>\n<meta property=\"og:url\" content=\"https:\/\/patriciaberenguer.com\/en\/politica-de-cookies\/\" \/>\n<meta property=\"og:site_name\" content=\"Patricia Berenguer\" \/>\n<meta property=\"article:modified_time\" content=\"2026-01-28T13:17:43+00:00\" \/>\n<meta name=\"twitter:card\" content=\"summary_large_image\" \/>\n<script type=\"application\/ld+json\" class=\"yoast-schema-graph\">{\"@context\":\"https:\/\/schema.org\",\"@graph\":[{\"@type\":\"WebPage\",\"@id\":\"https:\/\/patriciaberenguer.com\/politica-de-cookies\/\",\"url\":\"https:\/\/patriciaberenguer.com\/politica-de-cookies\/\",\"name\":\"POL\u00cdTICA DE COOKIES - Patricia Berenguer\",\"isPartOf\":{\"@id\":\"https:\/\/patriciaberenguer.com\/#website\"},\"datePublished\":\"2026-01-28T13:16:53+00:00\",\"dateModified\":\"2026-01-28T13:17:43+00:00\",\"breadcrumb\":{\"@id\":\"https:\/\/patriciaberenguer.com\/politica-de-cookies\/#breadcrumb\"},\"inLanguage\":\"en-GB\",\"potentialAction\":[{\"@type\":\"ReadAction\",\"target\":[\"https:\/\/patriciaberenguer.com\/politica-de-cookies\/\"]}]},{\"@type\":\"BreadcrumbList\",\"@id\":\"https:\/\/patriciaberenguer.com\/politica-de-cookies\/#breadcrumb\",\"itemListElement\":[{\"@type\":\"ListItem\",\"position\":1,\"name\":\"Portada\",\"item\":\"https:\/\/patriciaberenguer.com\/\"},{\"@type\":\"ListItem\",\"position\":2,\"name\":\"POL\u00cdTICA DE COOKIES\"}]},{\"@type\":\"WebSite\",\"@id\":\"https:\/\/patriciaberenguer.com\/#website\",\"url\":\"https:\/\/patriciaberenguer.com\/\",\"name\":\"Patricia Berenguer\",\"description\":\"Arquitecta &amp; Dise&ntilde;adora de Interiores en El Ejido\",\"publisher\":{\"@id\":\"https:\/\/patriciaberenguer.com\/#organization\"},\"potentialAction\":[{\"@type\":\"SearchAction\",\"target\":{\"@type\":\"EntryPoint\",\"urlTemplate\":\"https:\/\/patriciaberenguer.com\/?s={search_term_string}\"},\"query-input\":{\"@type\":\"PropertyValueSpecification\",\"valueRequired\":true,\"valueName\":\"search_term_string\"}}],\"inLanguage\":\"en-GB\"},{\"@type\":\"Organization\",\"@id\":\"https:\/\/patriciaberenguer.com\/#organization\",\"name\":\"Patricia Berenguer\",\"url\":\"https:\/\/patriciaberenguer.com\/\",\"logo\":{\"@type\":\"ImageObject\",\"inLanguage\":\"en-GB\",\"@id\":\"https:\/\/patriciaberenguer.com\/#\/schema\/logo\/image\/\",\"url\":\"https:\/\/patriciaberenguer.com\/wp-content\/uploads\/2025\/12\/LOGOS-02-scaled.png\",\"contentUrl\":\"https:\/\/patriciaberenguer.com\/wp-content\/uploads\/2025\/12\/LOGOS-02-scaled.png\",\"width\":2560,\"height\":1360,\"caption\":\"Patricia Berenguer\"},\"image\":{\"@id\":\"https:\/\/patriciaberenguer.com\/#\/schema\/logo\/image\/\"}}]}<\/script>\n<!-- \/ Yoast SEO plugin. -->","yoast_head_json":{"title":"POL\u00cdTICA DE COOKIES - Patricia Berenguer","robots":{"index":"index","follow":"follow","max-snippet":"max-snippet:-1","max-image-preview":"max-image-preview:large","max-video-preview":"max-video-preview:-1"},"canonical":"https:\/\/patriciaberenguer.com\/en\/politica-de-cookies\/","og_locale":"en_GB","og_type":"article","og_title":"POL\u00cdTICA DE COOKIES - Patricia Berenguer","og_description":"\u00bfQu\u00e9 son las cookies? Las cookies son peque\u00f1os archivos de texto que se almacenan en el dispositivo del usuario al acceder a determinadas p\u00e1ginas web. Su finalidad es facilitar la navegaci\u00f3n, recordar preferencias y obtener informaci\u00f3n estad\u00edstica sobre el uso del sitio web. Tipos de cookies utilizadas en este sitio web El sitio web https:\/\/patriciaberenguer.com\/ [&hellip;]","og_url":"https:\/\/patriciaberenguer.com\/en\/politica-de-cookies\/","og_site_name":"Patricia Berenguer","article_modified_time":"2026-01-28T13:17:43+00:00","twitter_card":"summary_large_image","schema":{"@context":"https:\/\/schema.org","@graph":[{"@type":"WebPage","@id":"https:\/\/patriciaberenguer.com\/politica-de-cookies\/","url":"https:\/\/patriciaberenguer.com\/politica-de-cookies\/","name":"POL\u00cdTICA DE COOKIES - Patricia Berenguer","isPartOf":{"@id":"https:\/\/patriciaberenguer.com\/#website"},"datePublished":"2026-01-28T13:16:53+00:00","dateModified":"2026-01-28T13:17:43+00:00","breadcrumb":{"@id":"https:\/\/patriciaberenguer.com\/politica-de-cookies\/#breadcrumb"},"inLanguage":"en-GB","potentialAction":[{"@type":"ReadAction","target":["https:\/\/patriciaberenguer.com\/politica-de-cookies\/"]}]},{"@type":"BreadcrumbList","@id":"https:\/\/patriciaberenguer.com\/politica-de-cookies\/#breadcrumb","itemListElement":[{"@type":"ListItem","position":1,"name":"Portada","item":"https:\/\/patriciaberenguer.com\/"},{"@type":"ListItem","position":2,"name":"POL\u00cdTICA DE COOKIES"}]},{"@type":"WebSite","@id":"https:\/\/patriciaberenguer.com\/#website","url":"https:\/\/patriciaberenguer.com\/","name":"Patricia Berenguer","description":"Arquitecta &amp; Dise&ntilde;adora de Interiores en El Ejido","publisher":{"@id":"https:\/\/patriciaberenguer.com\/#organization"},"potentialAction":[{"@type":"SearchAction","target":{"@type":"EntryPoint","urlTemplate":"https:\/\/patriciaberenguer.com\/?s={search_term_string}"},"query-input":{"@type":"PropertyValueSpecification","valueRequired":true,"valueName":"search_term_string"}}],"inLanguage":"en-GB"},{"@type":"Organization","@id":"https:\/\/patriciaberenguer.com\/#organization","name":"Patricia Berenguer","url":"https:\/\/patriciaberenguer.com\/","logo":{"@type":"ImageObject","inLanguage":"en-GB","@id":"https:\/\/patriciaberenguer.com\/#\/schema\/logo\/image\/","url":"https:\/\/patriciaberenguer.com\/wp-content\/uploads\/2025\/12\/LOGOS-02-scaled.png","contentUrl":"https:\/\/patriciaberenguer.com\/wp-content\/uploads\/2025\/12\/LOGOS-02-scaled.png","width":2560,"height":1360,"caption":"Patricia Berenguer"},"image":{"@id":"https:\/\/patriciaberenguer.com\/#\/schema\/logo\/image\/"}}]}},"_links":{"self":[{"href":"https:\/\/patriciaberenguer.com\/en\/wp-json\/wp\/v2\/pages\/366","targetHints":{"allow":["GET"]}}],"collection":[{"href":"https:\/\/patriciaberenguer.com\/en\/wp-json\/wp\/v2\/pages"}],"about":[{"href":"https:\/\/patriciaberenguer.com\/en\/wp-json\/wp\/v2\/types\/page"}],"author":[{"embeddable":true,"href":"https:\/\/patriciaberenguer.com\/en\/wp-json\/wp\/v2\/users\/2"}],"replies":[{"embeddable":true,"href":"https:\/\/patriciaberenguer.com\/en\/wp-json\/wp\/v2\/comments?post=366"}],"version-history":[{"count":3,"href":"https:\/\/patriciaberenguer.com\/en\/wp-json\/wp\/v2\/pages\/366\/revisions"}],"predecessor-version":[{"id":369,"href":"https:\/\/patriciaberenguer.com\/en\/wp-json\/wp\/v2\/pages\/366\/revisions\/369"}],"wp:attachment":[{"href":"https:\/\/patriciaberenguer.com\/en\/wp-json\/wp\/v2\/media?parent=366"}],"curies":[{"name":"wp","href":"https:\/\/api.w.org\/{rel}","templated":true}]}}