{"id":411,"date":"2026-02-23T13:34:35","date_gmt":"2026-02-23T13:34:35","guid":{"rendered":"https:\/\/patriciaberenguer.com\/?page_id=411"},"modified":"2026-02-23T13:40:23","modified_gmt":"2026-02-23T13:40:23","slug":"faq","status":"publish","type":"page","link":"https:\/\/patriciaberenguer.com\/en\/faq\/","title":{"rendered":"FAQ"},"content":{"rendered":"<p>[et_pb_section fb_built=\u00bb1&#8243; admin_label=\u00bbsection\u00bb _builder_version=\u00bb4.27.5&#8243; background_color=\u00bb#F7F2EF\u00bb global_colors_info=\u00bb{}\u00bb theme_builder_area=\u00bbpost_content\u00bb][et_pb_row admin_label=\u00bbrow\u00bb _builder_version=\u00bb4.27.5&#8243; background_enable_color=\u00bboff\u00bb background_size=\u00bbinitial\u00bb background_position=\u00bbtop_left\u00bb background_repeat=\u00bbrepeat\u00bb width=\u00bb85%\u00bb custom_margin=\u00bb150px||||false|false\u00bb custom_margin_tablet=\u00bb150px||||false|false\u00bb custom_margin_phone=\u00bb160px||||false|false\u00bb custom_margin_last_edited=\u00bbon|desktop\u00bb custom_padding=\u00bb0px|||||\u00bb global_colors_info=\u00bb{}\u00bb theme_builder_area=\u00bbpost_content\u00bb][et_pb_column type=\u00bb4_4&#8243; _builder_version=\u00bb4.16&#8243; custom_padding=\u00bb|||\u00bb global_colors_info=\u00bb{}\u00bb custom_padding__hover=\u00bb|||\u00bb theme_builder_area=\u00bbpost_content\u00bb][et_pb_text _builder_version=\u00bb4.27.5&#8243; _module_preset=\u00bbdefault\u00bb header_2_font=\u00bb&#8211;et_global_heading_font||||||||\u00bb header_2_text_align=\u00bbleft\u00bb header_2_text_color=\u00bb#2B0839&#8243; header_2_font_size=\u00bb40px\u00bb header_2_letter_spacing=\u00bb5px\u00bb header_2_line_height=\u00bb1.1em\u00bb custom_margin=\u00bb0px||0px||false|false\u00bb custom_padding=\u00bb0px||0px||false|false\u00bb header_2_font_size_tablet=\u00bb50px\u00bb header_2_font_size_phone=\u00bb30px\u00bb header_2_font_size_last_edited=\u00bbon|phone\u00bb global_colors_info=\u00bb{}\u00bb theme_builder_area=\u00bbpost_content\u00bb locked=\u00bboff\u00bb]<\/p>\n<h2><span style=\"font-weight: 400;\">Preguntas frecuentes<\/span><\/h2>\n<p>[\/et_pb_text][et_pb_accordion _builder_version=\u00bb4.27.5&#8243; _module_preset=\u00bbdefault\u00bb theme_builder_area=\u00bbpost_content\u00bb hover_enabled=\u00bb0&#8243; sticky_enabled=\u00bb0&#8243; open_toggle_text_color=\u00bb#2B0839&#8243; toggle_text_color=\u00bb#7E7681&#8243; body_text_color=\u00bb#2B0839&#8243;][et_pb_accordion_item title=\u00bb\u00bfHaces consultor\u00eda previa?\u00bb _builder_version=\u00bb4.27.5&#8243; _module_preset=\u00bbdefault\u00bb theme_builder_area=\u00bbpost_content\u00bb open=\u00bbon\u00bb hover_enabled=\u00bb0&#8243; sticky_enabled=\u00bb0&#8243;]<\/p>\n<p><span style=\"font-weight: 300;\">S\u00ed. La <\/span><span style=\"font-weight: 400;\">consultor\u00eda previa<\/span><span style=\"font-weight: 300;\"> permite evaluar la envergadura de tu proyecto y asesorarte sobre su viabilidad, opciones de dise\u00f1o, costes aproximados y posibles obst\u00e1culos legales o t\u00e9cnicos. Es el primer paso para planificar tu proyecto con seguridad y claridad.<\/span><\/p>\n<p>[\/et_pb_accordion_item][et_pb_accordion_item title=\u00bb\u00bfHaces acompa\u00f1amiento en la compra de un inmueble?\u00bb _builder_version=\u00bb4.27.5&#8243; _module_preset=\u00bbdefault\u00bb theme_builder_area=\u00bbpost_content\u00bb open=\u00bboff\u00bb hover_enabled=\u00bb0&#8243; sticky_enabled=\u00bb0&#8243;]<\/p>\n<p><span style=\"font-weight: 300;\">S\u00ed. Ofrezco <\/span><span style=\"font-weight: 400;\">asesoramiento integral durante la compra<\/span><span style=\"font-weight: 300;\">, que incluye revisi\u00f3n del estado del inmueble, viabilidad de reformas, cumplimiento de normativa y apoyo en la toma de decisiones. Este acompa\u00f1amiento ayuda a que la compra sea m\u00e1s segura y sin sorpresas posteriores.<\/span><\/p>\n<p>[\/et_pb_accordion_item][et_pb_accordion_item title=\u00bb\u00bfHaces estudios de viabilidad o anteproyectos?\u00bb _builder_version=\u00bb4.27.5&#8243; _module_preset=\u00bbdefault\u00bb theme_builder_area=\u00bbpost_content\u00bb open=\u00bboff\u00bb hover_enabled=\u00bb0&#8243; sticky_enabled=\u00bb0&#8243;]<\/p>\n<p><span style=\"font-weight: 300;\">S\u00ed. Siempre se puede encargar un <\/span><span style=\"font-weight: 400;\">estudio de viabilidad o un anteproyecto<\/span><span style=\"font-weight: 300;\"> para valorar el potencial de un inmueble antes de comprarlo o iniciar una obra. Dependiendo de la definici\u00f3n y detalle que se requiera, esto influir\u00e1 en el coste, pero es una herramienta muy \u00fatil para planificar con seguridad y tomar decisiones informadas.<\/span><\/p>\n<p>[\/et_pb_accordion_item][et_pb_accordion_item title=\u00bb\u00a0\u00bfPuedes hacer una valoraci\u00f3n de un inmueble?\u00bb _builder_version=\u00bb4.27.5&#8243; _module_preset=\u00bbdefault\u00bb theme_builder_area=\u00bbpost_content\u00bb open=\u00bboff\u00bb hover_enabled=\u00bb0&#8243; sticky_enabled=\u00bb0&#8243;]<\/p>\n<p><span style=\"font-weight: 300;\">S\u00ed. Existen varias opciones:<\/span><\/p>\n<ul>\n<li style=\"font-weight: 300;\" aria-level=\"1\"><span style=\"font-weight: 400;\">Valoraci\u00f3n con fines bancarios o compra-venta financiada:<\/span><span style=\"font-weight: 300;\"> requiere una <\/span><span style=\"font-weight: 400;\">tasaci\u00f3n homologada<\/span><span style=\"font-weight: 300;\">, aceptada por entidades financieras.<\/span><\/li>\n<li style=\"font-weight: 300;\" aria-level=\"1\"><span style=\"font-weight: 400;\">Valoraci\u00f3n independiente:<\/span><span style=\"font-weight: 300;\"> se puede realizar una tasaci\u00f3n para conocer el valor de un inmueble que no tenga carga financiera, por ejemplo, para ventas privadas, herencias o gesti\u00f3n patrimonial.<\/span><\/li>\n<\/ul>\n<p>[\/et_pb_accordion_item][et_pb_accordion_item title=\u00bb\u00a0\u00bfPuedo cambiar un local a vivienda o viceversa?\u00bb _builder_version=\u00bb4.27.5&#8243; _module_preset=\u00bbdefault\u00bb theme_builder_area=\u00bbpost_content\u00bb open=\u00bboff\u00bb hover_enabled=\u00bb0&#8243; sticky_enabled=\u00bb0&#8243;]<\/p>\n<p><span style=\"font-weight: 300;\">S\u00ed. Esto se denomina <\/span><span style=\"font-weight: 400;\">cambio de uso<\/span><span style=\"font-weight: 300;\"> y siempre requiere contar con un arquitecto, ya que se necesita un proyecto t\u00e9cnico que cumpla con la normativa vigente. Adem\u00e1s, tambi\u00e9n es necesario contar con un aparejador (o t\u00e9cnico de edificaci\u00f3n) para la direcci\u00f3n de obra y control de ejecuci\u00f3n.<\/span><\/p>\n<p>[\/et_pb_accordion_item][et_pb_accordion_item title=\u00bb\u00bfSi quiero reformar necesito un arquitecto?\u00bb _builder_version=\u00bb4.27.5&#8243; _module_preset=\u00bbdefault\u00bb theme_builder_area=\u00bbpost_content\u00bb open=\u00bboff\u00bb hover_enabled=\u00bb0&#8243; sticky_enabled=\u00bb0&#8243;]<\/p>\n<p><span style=\"font-weight: 300;\">Depende de la reforma:<\/span><\/p>\n<ul>\n<li style=\"font-weight: 300;\" aria-level=\"1\"><span style=\"font-weight: 300;\">Cambios menores, como sustituir algunas losas del ba\u00f1o, normalmente <\/span><span style=\"font-weight: 400;\">no requieren un arquitecto<\/span><span style=\"font-weight: 300;\">.<\/span><\/li>\n<li style=\"font-weight: 300;\" aria-level=\"1\"><span style=\"font-weight: 300;\">Reformas que impliquen <\/span><span style=\"font-weight: 400;\">cambiar la distribuci\u00f3n<\/span><span style=\"font-weight: 300;\">, abrir muros, modificar instalaciones o ampliar espacios <\/span><span style=\"font-weight: 400;\">s\u00ed requieren arquitecto<\/span><span style=\"font-weight: 300;\">, para evitar problemas y sorpresas.<\/span><\/li>\n<\/ul>\n<p>[\/et_pb_accordion_item][et_pb_accordion_item title=\u00bb\u00bfHaces la gesti\u00f3n administrativa de la obra?\u00bb _builder_version=\u00bb4.27.5&#8243; _module_preset=\u00bbdefault\u00bb theme_builder_area=\u00bbpost_content\u00bb open=\u00bboff\u00bb hover_enabled=\u00bb0&#8243; sticky_enabled=\u00bb0&#8243;]<\/p>\n<p><span style=\"font-weight: 300;\">S\u00ed. Puedo incluir la <\/span><span style=\"font-weight: 400;\">gesti\u00f3n administrativa completa<\/span><span style=\"font-weight: 300;\"> si el cliente lo solicita: permisos, licencias y tr\u00e1mites con la administraci\u00f3n, para que todo se realice de manera legal y sin complicaciones.<\/span><\/p>\n<p>[\/et_pb_accordion_item][et_pb_accordion_item title=\u00bb\u00bfHaces acompa\u00f1amiento en la elecci\u00f3n de materiales?\u00bb _builder_version=\u00bb4.27.5&#8243; _module_preset=\u00bbdefault\u00bb theme_builder_area=\u00bbpost_content\u00bb open=\u00bboff\u00bb hover_enabled=\u00bb0&#8243; sticky_enabled=\u00bb0&#8243;]<\/p>\n<p><span style=\"font-weight: 300;\">S\u00ed. Al dise\u00f1ar un espacio, preparo una <\/span><span style=\"font-weight: 400;\">memoria de calidad<\/span><span style=\"font-weight: 300;\"> con los materiales y acabados previstos. Muchas veces surgen ajustes por presupuesto o preferencias, y acompa\u00f1o al cliente para seleccionar alternativas adecuadas sin perder calidad ni estilo.<\/span><\/p>\n<p>[\/et_pb_accordion_item][et_pb_accordion_item title=\u00bb\u00bfHaces peritaciones de da\u00f1os?\u00bb _builder_version=\u00bb4.27.5&#8243; _module_preset=\u00bbdefault\u00bb theme_builder_area=\u00bbpost_content\u00bb open=\u00bboff\u00bb hover_enabled=\u00bb0&#8243; sticky_enabled=\u00bb0&#8243;]<\/p>\n<p><span style=\"font-weight: 300;\">S\u00ed. Tambi\u00e9n realizo <\/span><span style=\"font-weight: 400;\">peritaciones e informes t\u00e9cnicos<\/span><span style=\"font-weight: 300;\"> de cualquier tipo de da\u00f1o o incidencia en un inmueble, siempre con un enfoque preciso y profesional que pueda servir como documento t\u00e9cnico oficial.<\/span><\/p>\n<p>[\/et_pb_accordion_item][\/et_pb_accordion][\/et_pb_column][\/et_pb_row][\/et_pb_section]<\/p>","protected":false},"excerpt":{"rendered":"<p>Preguntas frecuentesS\u00ed. La consultor\u00eda previa permite evaluar la envergadura de tu proyecto y asesorarte sobre su viabilidad, opciones de dise\u00f1o, costes aproximados y posibles obst\u00e1culos legales o t\u00e9cnicos. Es el primer paso para planificar tu proyecto con seguridad y claridad.S\u00ed. Ofrezco asesoramiento integral durante la compra, que incluye revisi\u00f3n del estado del inmueble, viabilidad de [&hellip;]<\/p>","protected":false},"author":2,"featured_media":0,"parent":0,"menu_order":0,"comment_status":"closed","ping_status":"closed","template":"","meta":{"_et_pb_use_builder":"on","_et_pb_old_content":"","_et_gb_content_width":"","footnotes":""},"class_list":["post-411","page","type-page","status-publish","hentry"],"yoast_head":"<!-- This site is optimized with the Yoast SEO plugin v26.7 - https:\/\/yoast.com\/wordpress\/plugins\/seo\/ -->\n<title>FAQ - Patricia Berenguer<\/title>\n<meta name=\"robots\" content=\"index, follow, max-snippet:-1, max-image-preview:large, max-video-preview:-1\" \/>\n<link rel=\"canonical\" href=\"https:\/\/patriciaberenguer.com\/en\/faq\/\" \/>\n<meta property=\"og:locale\" content=\"en_GB\" \/>\n<meta property=\"og:type\" content=\"article\" \/>\n<meta property=\"og:title\" content=\"FAQ - Patricia Berenguer\" \/>\n<meta property=\"og:description\" content=\"Preguntas frecuentesS\u00ed. La consultor\u00eda previa permite evaluar la envergadura de tu proyecto y asesorarte sobre su viabilidad, opciones de dise\u00f1o, costes aproximados y posibles obst\u00e1culos legales o t\u00e9cnicos. Es el primer paso para planificar tu proyecto con seguridad y claridad.S\u00ed. Ofrezco asesoramiento integral durante la compra, que incluye revisi\u00f3n del estado del inmueble, viabilidad de [&hellip;]\" \/>\n<meta property=\"og:url\" content=\"https:\/\/patriciaberenguer.com\/en\/faq\/\" \/>\n<meta property=\"og:site_name\" content=\"Patricia Berenguer\" \/>\n<meta property=\"article:modified_time\" content=\"2026-02-23T13:40:23+00:00\" \/>\n<meta name=\"twitter:card\" content=\"summary_large_image\" \/>\n<script type=\"application\/ld+json\" class=\"yoast-schema-graph\">{\"@context\":\"https:\/\/schema.org\",\"@graph\":[{\"@type\":\"WebPage\",\"@id\":\"https:\/\/patriciaberenguer.com\/faq\/\",\"url\":\"https:\/\/patriciaberenguer.com\/faq\/\",\"name\":\"FAQ - Patricia Berenguer\",\"isPartOf\":{\"@id\":\"https:\/\/patriciaberenguer.com\/#website\"},\"datePublished\":\"2026-02-23T13:34:35+00:00\",\"dateModified\":\"2026-02-23T13:40:23+00:00\",\"breadcrumb\":{\"@id\":\"https:\/\/patriciaberenguer.com\/faq\/#breadcrumb\"},\"inLanguage\":\"en-GB\",\"potentialAction\":[{\"@type\":\"ReadAction\",\"target\":[\"https:\/\/patriciaberenguer.com\/faq\/\"]}]},{\"@type\":\"BreadcrumbList\",\"@id\":\"https:\/\/patriciaberenguer.com\/faq\/#breadcrumb\",\"itemListElement\":[{\"@type\":\"ListItem\",\"position\":1,\"name\":\"Portada\",\"item\":\"https:\/\/patriciaberenguer.com\/\"},{\"@type\":\"ListItem\",\"position\":2,\"name\":\"FAQ\"}]},{\"@type\":\"WebSite\",\"@id\":\"https:\/\/patriciaberenguer.com\/#website\",\"url\":\"https:\/\/patriciaberenguer.com\/\",\"name\":\"Patricia Berenguer\",\"description\":\"Arquitecta &amp; Dise&ntilde;adora de Interiores en El Ejido\",\"publisher\":{\"@id\":\"https:\/\/patriciaberenguer.com\/#organization\"},\"potentialAction\":[{\"@type\":\"SearchAction\",\"target\":{\"@type\":\"EntryPoint\",\"urlTemplate\":\"https:\/\/patriciaberenguer.com\/?s={search_term_string}\"},\"query-input\":{\"@type\":\"PropertyValueSpecification\",\"valueRequired\":true,\"valueName\":\"search_term_string\"}}],\"inLanguage\":\"en-GB\"},{\"@type\":\"Organization\",\"@id\":\"https:\/\/patriciaberenguer.com\/#organization\",\"name\":\"Patricia Berenguer\",\"url\":\"https:\/\/patriciaberenguer.com\/\",\"logo\":{\"@type\":\"ImageObject\",\"inLanguage\":\"en-GB\",\"@id\":\"https:\/\/patriciaberenguer.com\/#\/schema\/logo\/image\/\",\"url\":\"https:\/\/patriciaberenguer.com\/wp-content\/uploads\/2025\/12\/LOGOS-02-scaled.png\",\"contentUrl\":\"https:\/\/patriciaberenguer.com\/wp-content\/uploads\/2025\/12\/LOGOS-02-scaled.png\",\"width\":2560,\"height\":1360,\"caption\":\"Patricia Berenguer\"},\"image\":{\"@id\":\"https:\/\/patriciaberenguer.com\/#\/schema\/logo\/image\/\"}}]}<\/script>\n<!-- \/ Yoast SEO plugin. -->","yoast_head_json":{"title":"FAQ - Patricia Berenguer","robots":{"index":"index","follow":"follow","max-snippet":"max-snippet:-1","max-image-preview":"max-image-preview:large","max-video-preview":"max-video-preview:-1"},"canonical":"https:\/\/patriciaberenguer.com\/en\/faq\/","og_locale":"en_GB","og_type":"article","og_title":"FAQ - Patricia Berenguer","og_description":"Preguntas frecuentesS\u00ed. La consultor\u00eda previa permite evaluar la envergadura de tu proyecto y asesorarte sobre su viabilidad, opciones de dise\u00f1o, costes aproximados y posibles obst\u00e1culos legales o t\u00e9cnicos. Es el primer paso para planificar tu proyecto con seguridad y claridad.S\u00ed. Ofrezco asesoramiento integral durante la compra, que incluye revisi\u00f3n del estado del inmueble, viabilidad de [&hellip;]","og_url":"https:\/\/patriciaberenguer.com\/en\/faq\/","og_site_name":"Patricia Berenguer","article_modified_time":"2026-02-23T13:40:23+00:00","twitter_card":"summary_large_image","schema":{"@context":"https:\/\/schema.org","@graph":[{"@type":"WebPage","@id":"https:\/\/patriciaberenguer.com\/faq\/","url":"https:\/\/patriciaberenguer.com\/faq\/","name":"FAQ - Patricia Berenguer","isPartOf":{"@id":"https:\/\/patriciaberenguer.com\/#website"},"datePublished":"2026-02-23T13:34:35+00:00","dateModified":"2026-02-23T13:40:23+00:00","breadcrumb":{"@id":"https:\/\/patriciaberenguer.com\/faq\/#breadcrumb"},"inLanguage":"en-GB","potentialAction":[{"@type":"ReadAction","target":["https:\/\/patriciaberenguer.com\/faq\/"]}]},{"@type":"BreadcrumbList","@id":"https:\/\/patriciaberenguer.com\/faq\/#breadcrumb","itemListElement":[{"@type":"ListItem","position":1,"name":"Portada","item":"https:\/\/patriciaberenguer.com\/"},{"@type":"ListItem","position":2,"name":"FAQ"}]},{"@type":"WebSite","@id":"https:\/\/patriciaberenguer.com\/#website","url":"https:\/\/patriciaberenguer.com\/","name":"Patricia Berenguer","description":"Arquitecta &amp; Dise&ntilde;adora de Interiores en El Ejido","publisher":{"@id":"https:\/\/patriciaberenguer.com\/#organization"},"potentialAction":[{"@type":"SearchAction","target":{"@type":"EntryPoint","urlTemplate":"https:\/\/patriciaberenguer.com\/?s={search_term_string}"},"query-input":{"@type":"PropertyValueSpecification","valueRequired":true,"valueName":"search_term_string"}}],"inLanguage":"en-GB"},{"@type":"Organization","@id":"https:\/\/patriciaberenguer.com\/#organization","name":"Patricia Berenguer","url":"https:\/\/patriciaberenguer.com\/","logo":{"@type":"ImageObject","inLanguage":"en-GB","@id":"https:\/\/patriciaberenguer.com\/#\/schema\/logo\/image\/","url":"https:\/\/patriciaberenguer.com\/wp-content\/uploads\/2025\/12\/LOGOS-02-scaled.png","contentUrl":"https:\/\/patriciaberenguer.com\/wp-content\/uploads\/2025\/12\/LOGOS-02-scaled.png","width":2560,"height":1360,"caption":"Patricia Berenguer"},"image":{"@id":"https:\/\/patriciaberenguer.com\/#\/schema\/logo\/image\/"}}]}},"_links":{"self":[{"href":"https:\/\/patriciaberenguer.com\/en\/wp-json\/wp\/v2\/pages\/411","targetHints":{"allow":["GET"]}}],"collection":[{"href":"https:\/\/patriciaberenguer.com\/en\/wp-json\/wp\/v2\/pages"}],"about":[{"href":"https:\/\/patriciaberenguer.com\/en\/wp-json\/wp\/v2\/types\/page"}],"author":[{"embeddable":true,"href":"https:\/\/patriciaberenguer.com\/en\/wp-json\/wp\/v2\/users\/2"}],"replies":[{"embeddable":true,"href":"https:\/\/patriciaberenguer.com\/en\/wp-json\/wp\/v2\/comments?post=411"}],"version-history":[{"count":4,"href":"https:\/\/patriciaberenguer.com\/en\/wp-json\/wp\/v2\/pages\/411\/revisions"}],"predecessor-version":[{"id":417,"href":"https:\/\/patriciaberenguer.com\/en\/wp-json\/wp\/v2\/pages\/411\/revisions\/417"}],"wp:attachment":[{"href":"https:\/\/patriciaberenguer.com\/en\/wp-json\/wp\/v2\/media?parent=411"}],"curies":[{"name":"wp","href":"https:\/\/api.w.org\/{rel}","templated":true}]}}